{"id":42,"date":"2019-10-26T11:27:41","date_gmt":"2019-10-26T09:27:20","guid":{"rendered":"https:\/\/2019.heko.com\/en\/?page_id=42"},"modified":"2025-10-29T10:06:04","modified_gmt":"2025-10-29T09:06:04","slug":"sales-locations","status":"publish","type":"page","link":"https:\/\/www.heko.com\/en\/sales-locations\/","title":{"rendered":"Sales locations"},"content":{"rendered":"\n<div class=\"wp-block-columns has-3-columns is-layout-flex wp-container-core-columns-is-layout-1 wp-block-columns-is-layout-flex\">\n<div class=\"wp-block-column is-layout-flow wp-block-column-is-layout-flow\">\n<h4 class=\"wp-block-heading\"><strong>Head Office<\/strong><\/h4>\n\n\n\n<p>HEKO Ketten GmbH<br>P.O. Box 1262<br>D-58732 Wickede (Ruhr), Germany<br>Eisenbahnstrasse 2<br>D-58739 Wickede (Ruhr), Germany<br>Phone: +49 2377 91800<br>Fax: +49 2377 1028<br>Email: <a href=\"mailto:info@heko.com\">info@heko.com<\/a><\/p>\n\n\n\n<h4 class=\"wp-block-heading\"><strong>Sales Office South<\/strong><\/h4>\n\n\n\n<p>HEKO Ketten GmbH<br>Vertriebsb\u00fcro S\u00fcd<br>Schmiedstra\u00dfe 1<br>73491 Neuler<br>Telefon +49 7961 568491-2<br>Telefax +49 7961 567667<br>Email: <a href=\"mailto:weber@heko.com\">weber@heko.com<\/a><br>Email: <a href=\"mailto:kuemmel@heko.com\">kuemmel@heko.com<\/a><\/p>\n\n\n\n<p><\/p>\n<\/div>\n\n\n\n<div class=\"wp-block-column is-layout-flow wp-block-column-is-layout-flow\">\n<h4 class=\"wp-block-heading\"><strong>Sales Office<\/strong> China<\/h4>\n\n\n\n<p>HEKO Ketten GmbH<br>Beijing Representation Office<br>Rm B511,Guangyi Building,<br>No.5 Guangyi Street,<br>Xicheng District, 100053,<br>Beijing, P.R. China<br>Tel\/Fax: +86 10 83123534<br>Mobile: +86 013801121973<br>Email: <a href=\"mailto:13801121973@139.com\">13801121973@139.com<\/a><\/p>\n\n\n\n<p><\/p>\n\n\n\n<p><\/p>\n<\/div>\n\n\n\n<div class=\"wp-block-column is-layout-flow wp-block-column-is-layout-flow\">\n<h4 class=\"wp-block-heading\">HEKO Chains India Pvt. Ltd.<\/h4>\n\n\n\n<p>Unit No. 1402, 14th Floor, &#8222;C&#8220; Wing<br>Kailas Business Park<br>Veer Savarkar Marg<br>Vikhroli (West)<br>Mumbai<br>PIN: -400079<\/p>\n\n\n\n<p>Jayakrishna Raju: +91 9884045409<br>Sashi Kumar: +91 7259120482<br><\/p>\n\n\n\n<p><\/p>\n<\/div>\n<\/div>\n\n\n\n<div style=\"height:100px\" aria-hidden=\"true\" class=\"wp-block-spacer\"><\/div>\n\n\n\n<h2 class=\"wp-block-heading\">Sales offices worldwide:<\/h2>\n\n\n\n<div class=\"wp-block-columns has-3-columns is-layout-flex wp-container-core-columns-is-layout-2 wp-block-columns-is-layout-flex\">\n<div class=\"wp-block-column is-layout-flow wp-block-column-is-layout-flow\">\n<div class=\"wp-block-coblocks-accordion\">\n<div class=\"wp-block-coblocks-accordion-item\"><details><summary class=\"wp-block-coblocks-accordion-item__title\">Argentina<\/summary><div class=\"wp-block-coblocks-accordion-item__content\">\n<p>SADIMEX S.A.<br>Venezuela 799<br>1095 C.A.B.A Argentina<br>Mobile: +54 911 4532 1471<br>E-Mail: <a href=\"mailto:hekocadenas.alemania@gmail.com\">hekocadenas.alemania@gmail.com<\/a><\/p>\n<\/div><\/details><\/div>\n<\/div>\n\n\n\n<div class=\"wp-block-coblocks-accordion\">\n<div class=\"wp-block-coblocks-accordion-item\"><details><summary class=\"wp-block-coblocks-accordion-item__title\">Belgium<\/summary><div class=\"wp-block-coblocks-accordion-item__content\">\n<p>Bogaert Transmission, Abt. GEHA Industrie <br>Industriepark-Neringstraat 5-7<br>1840 Londerzeel<br>Mobile: +32 52750410<br>Email: <a href=\"mailto:info@bogaert-transmission.com\">info@bogaert-transmission.com<\/a><\/p>\n<\/div><\/details><\/div>\n\n\n\n<div class=\"wp-block-coblocks-accordion-item\"><details><summary class=\"wp-block-coblocks-accordion-item__title\">Bolivia<\/summary><div class=\"wp-block-coblocks-accordion-item__content\">\n<p>C &amp; M S.R.L. Ing. Patricia Solares<br>Calle Padilla No 74<br>Segunda Casa a la isquierda <br>dentro de pasaje <br>Sucre<br>Mobile: +591 4 6452661 \/ 6460500<br>Email: <a href=\"mailto:patriciasolares.cm@gmail.com\">patriciasolares.cm@gmail.com<\/a><\/p>\n<\/div><\/details><\/div>\n\n\n\n<div class=\"wp-block-coblocks-accordion-item\"><details><summary class=\"wp-block-coblocks-accordion-item__title\">Bulgaria<\/summary><div class=\"wp-block-coblocks-accordion-item__content\">\n<p>Nikora 2000 EOOD, kw. Malinova Dolina <br>Ul. 186, N 48 A<br>1797 Sofia<br>Mobile: +359 888455311<br>Email: <a href=\"mailto:info@nikora2000.com\">nikora2000eood@gmail.com<\/a><\/p>\n<\/div><\/details><\/div>\n\n\n\n<div class=\"wp-block-coblocks-accordion-item\"><details><summary class=\"wp-block-coblocks-accordion-item__title\">Denmark<\/summary><div class=\"wp-block-coblocks-accordion-item__content\">\n<p>Ellegaard Group A\/S <br>Vennnersh\u00e5bvej 4<br>8800 Viborg Denmark<br>Claus Laursen<br>Mobil: +45 2888 8370<\/p>\n<\/div><\/details><\/div>\n\n\n\n<div class=\"wp-block-coblocks-accordion-item\"><details><summary class=\"wp-block-coblocks-accordion-item__title\">France<\/summary><div class=\"wp-block-coblocks-accordion-item__content\">\n<p>A. Berkoune, Apitec Sarl<br>20 rue du Metz <br>59000 Lille<br>Frankreich<br>Mobile: +33 6 08884093<br>Email: <a href=\"mailto:a.berkoune@wanadoo.fr\">a.berkoune@wanadoo.fr<\/a><\/p>\n<\/div><\/details><\/div>\n\n\n\n<div class=\"wp-block-coblocks-accordion-item\"><details><summary class=\"wp-block-coblocks-accordion-item__title\">Greece<\/summary><div class=\"wp-block-coblocks-accordion-item__content\">\n<p>PALOR P.C.<br>25 Lelas Karagianni<br>11252 Athens<br>Mobile: +30 2103234989<br>Email: <a href=\"mailto:paloren@otenet.gr\">paloren@otenet.gr<\/a><\/p>\n<\/div><\/details><\/div>\n\n\n\n<div class=\"wp-block-coblocks-accordion-item\"><details><summary class=\"wp-block-coblocks-accordion-item__title\">Israel<\/summary><div class=\"wp-block-coblocks-accordion-item__content\">\n<p>Arie Gottesmann, Gottesmann Agencies<br>17 Aminadav St.<br>61090 Tel-Aviv<br>Mobile: +972 52 3333 099<br>Email: <a href=\"mailto:gtsnn@inter.net.il\">gtsnn@inter.net.il<\/a><\/p>\n<\/div><\/details><\/div>\n\n\n\n<div class=\"wp-block-coblocks-accordion-item\"><details><summary class=\"wp-block-coblocks-accordion-item__title\">Italy<\/summary><div class=\"wp-block-coblocks-accordion-item__content\">\n<p>Progema srl<br>Via Sardegna 30<br>20146 Milano MI<br>Mobile: +3903621915507<br>Email: <a href=\"mailto:valter.gestro@progemasrl.eu\">valter.gestro@progemasrl.eu<\/a><\/p>\n<\/div><\/details><\/div>\n<\/div>\n\n\n\n<p><\/p>\n<\/div>\n\n\n\n<div class=\"wp-block-column is-layout-flow wp-block-column-is-layout-flow\">\n<div class=\"wp-block-coblocks-accordion\">\n<div class=\"wp-block-coblocks-accordion-item\"><\/div>\n<\/div>\n\n\n\n<div class=\"wp-block-coblocks-accordion\">\n<div class=\"wp-block-coblocks-accordion-item\"><details><summary class=\"wp-block-coblocks-accordion-item__title\">Jordan<\/summary><div class=\"wp-block-coblocks-accordion-item__content\">\n<p>Trust Industrial Supplies &amp; Services<br>P.O. Box 960724<br>11196 Amman<br>Mobil: +962 795368149<br>E-Mail:&nbsp;<a href=\"mailto:sales1@trustiss.com\">sales3@trustiss.com<\/a><\/p>\n<\/div><\/details><\/div>\n\n\n\n<div class=\"wp-block-coblocks-accordion-item\"><details><summary class=\"wp-block-coblocks-accordion-item__title\">Colombia<\/summary><div class=\"wp-block-coblocks-accordion-item__content\">\n<p>Industrial Juval Ltda.<br>Carrera 53 F No. 5 C-16<br>Bogota<br>Mobile: +57 14203188<br>Email: <a href=\"mailto:juvalcol@juval.com\">juvalcol@juval.com<\/a><\/p>\n<\/div><\/details><\/div>\n<\/div>\n\n\n\n<div class=\"wp-block-coblocks-accordion\">\n<div class=\"wp-block-coblocks-accordion-item\"><details><summary class=\"wp-block-coblocks-accordion-item__title\">Korea<\/summary><div class=\"wp-block-coblocks-accordion-item__content\">\n<p>Seil Trading Co. Ltd.<br>631\/2 Daeyoung Building Room 631, 44-1<br>Yeouido-Dong, Yeongdeungpo-Gu<br>150-714 Seoul<br>Phone: +82 27859820<br>Email: <a href=\"mailto:seil@seil.co.kr\">seil@seil.co.kr<\/a><\/p>\n<\/div><\/details><\/div>\n\n\n\n<div class=\"wp-block-coblocks-accordion-item\"><details><summary class=\"wp-block-coblocks-accordion-item__title\">Malaysia<\/summary><div class=\"wp-block-coblocks-accordion-item__content\">\n<p>Imandar Enterprise SDN BHD<br>Block E2-01-12, OUG Parklane, Jalan 1\/152,<br>Off Jalan Klang Lama<br>58200 Wilayah Persekutuan Kuala Lumpur<br>Phone: +03 7499 2537<br>Email: <a href=\"mailto:manjit@imandar.com.my\">manjit@imandar.com.my<\/a><\/p>\n<\/div><\/details><\/div>\n\n\n\n<div class=\"wp-block-coblocks-accordion-item\"><details><summary class=\"wp-block-coblocks-accordion-item__title\">Mexico<\/summary><div class=\"wp-block-coblocks-accordion-item__content\">\n<p>Servimex, Servicios Ind. Y Maritimos de Mexico S.A. de C.V.<br>Boulevard de las Misiones No. 60<br>Colonia Cd. Satelite, CP<br> 53100 Naucalpan Estado de Mexico<br>Mobile: +52 14491693420<br>Email: <a href=\"mailto:servimex@avantel.net\">servimex@avantel.net<\/a><\/p>\n<\/div><\/details><\/div>\n\n\n\n<div class=\"wp-block-coblocks-accordion-item\"><details><summary class=\"wp-block-coblocks-accordion-item__title\">Netherlands<\/summary><div class=\"wp-block-coblocks-accordion-item__content\">\n<p>Geha Laverman B.V.<br>Hardox Wearparts Center<br>Grote Tocht 27<br>1507 CG Zaandam<br>Mobile: +31756539800<br>Email: <a href=\"mailto:info@geha-laverman.com\">info@geha-laverman.com<\/a><br><br>K&amp;W Transmissies B.V.<br>Poseidonweg 31<br>8239 DK Lelystad<br>Mobile: +31 320 246 594<br>Email: info@kwtransmissies.nl<\/p>\n<\/div><\/details><\/div>\n\n\n\n<div class=\"wp-block-coblocks-accordion-item\"><details><summary class=\"wp-block-coblocks-accordion-item__title\">New Zealand<\/summary><div class=\"wp-block-coblocks-accordion-item__content\">\n<p>Supply Services Ltd<br>67 Newton St<br>3116 Mt Maunganui<br>Mobil: +64 7 5750125<br>E-Mail: <a href=\"mailto:heko@supplyservices.co.nz\">heko@supplyservices.co.nz<\/a><\/p>\n<\/div><\/details><\/div>\n\n\n\n<div class=\"wp-block-coblocks-accordion-item\"><details><summary class=\"wp-block-coblocks-accordion-item__title\">Norway<\/summary><div class=\"wp-block-coblocks-accordion-item__content\">\n<p>TRATEC SOLUTIONS AS<br>Kanalvegen 2<br>N-4033 Stavanger<br>Mobil: +47 95107840<br>E-Mail: <a href=\"mailto:tom.arne.urdal@tratec.no\">tom.arne.urdal@tratec.no<\/a><\/p>\n<\/div><\/details><\/div>\n\n\n\n<div class=\"wp-block-coblocks-accordion-item\"><details><summary class=\"wp-block-coblocks-accordion-item__title\">Pakistan<\/summary><div class=\"wp-block-coblocks-accordion-item__content\">\n<p>Mass Industries (Pvt) Ltd<br>PO. Box 13716<br>75950 Karachi<br>Tel.: +92&nbsp;21&nbsp;36362769\/ +923323197750<br>E-Mail: <a href=\"mailto:info.pk@mass-group.net\">info.pk@mass-group.net<\/a> \/ <a href=\"mailto:s.sajid@mass-group.net\">s.sajid@mass-group.net<\/a><\/p>\n<\/div><\/details><\/div>\n<\/div>\n<\/div>\n\n\n\n<div class=\"wp-block-column is-layout-flow wp-block-column-is-layout-flow\">\n<div class=\"wp-block-coblocks-accordion\">\n<div class=\"wp-block-coblocks-accordion-item\"><details><summary class=\"wp-block-coblocks-accordion-item__title\">Philippines<\/summary><div class=\"wp-block-coblocks-accordion-item__content\">\n<p>Macondray Agro-Industrial Corp.<br> 3 \/ F Lapanday Center<br>2263 Pasong Tamo Extension<br>Makati City 1231<br>Mobile: +63 917-8304511<br>Email: <a href=\"mailto:nsdatinguinoo@macondray.com\">nsdatinguinoo@macondray.com<\/a><\/p>\n<\/div><\/details><\/div>\n\n\n\n<div class=\"wp-block-coblocks-accordion-item\"><details><summary class=\"wp-block-coblocks-accordion-item__title\">Romania<\/summary><div class=\"wp-block-coblocks-accordion-item__content\">\n<p>S.C. Kinetech Distribution SRL<br>Str Constructorilor nr. 4<br>800360 Galati<br>Mobile: +40 724009766<br>Email: <a href=\"mailto:adrian.stoicescu@kinetech-distribution.ro\">adrian.stoicescu@kinetech-distribution.ro<\/a><\/p>\n<\/div><\/details><\/div>\n\n\n\n<div class=\"wp-block-coblocks-accordion-item\"><details><summary class=\"wp-block-coblocks-accordion-item__title\">Russia<\/summary><div class=\"wp-block-coblocks-accordion-item__content\">\n<p>IP Ilin Andrey Georgievich, ul. Nikolaya Ostrovskogo<br>DOM 1, kv 184 Ekaterinburg<br>Mobile: +7 919 3750101<br>Email: <a href=\"mailto:ilin@kowey.de\">ilin@kowey.de<\/a><\/p>\n<\/div><\/details><\/div>\n\n\n\n<div class=\"wp-block-coblocks-accordion-item\"><details><summary class=\"wp-block-coblocks-accordion-item__title\">Saudi Arabia<\/summary><div class=\"wp-block-coblocks-accordion-item__content\">\n<p>Trust Industrial Supplies &amp; Services<br>P.O. Box 960724<br>11196 Amman<br>Mobil: +962 795368149<br>E-Mail:&nbsp;<a href=\"mailto:sales1@trustiss.com\">sales3@trustiss.com<\/a><\/p>\n\n\n\n<p><\/p>\n<\/div><\/details><\/div>\n\n\n\n<div class=\"wp-block-coblocks-accordion-item\"><details><summary class=\"wp-block-coblocks-accordion-item__title\">Switzerland<\/summary><div class=\"wp-block-coblocks-accordion-item__content\">\n<p>Kremos-Ketten AG<br>St\u00fcckirain 3<br>3266 Wiler b. Seedorf<br>Phone: +41323916161<br>Mail: <a href=\"mailto:info@kremos-ketten.ch\">info@kremos-ketten.ch<\/a><\/p>\n<\/div><\/details><\/div>\n\n\n\n<div class=\"wp-block-coblocks-accordion-item\"><details><summary class=\"wp-block-coblocks-accordion-item__title\">Sri Lanka<\/summary><div class=\"wp-block-coblocks-accordion-item__content\">\n<p>Colombo Machinery &amp; Equipment Ltd.<br>102, Fife Road<br>Colombo 05 <br>Mobile: +94 11 2500078\/9<br>Email: <a href=\"mailto:rahimj@cmel.net\">rahimj@cmel.net<\/a><\/p>\n<\/div><\/details><\/div>\n\n\n\n<div class=\"wp-block-coblocks-accordion-item\"><details><summary class=\"wp-block-coblocks-accordion-item__title\">South Africa<\/summary><div class=\"wp-block-coblocks-accordion-item__content\">\n<p>Belting &amp; Sprockets S.A. A Division of Inmins Trading (PTY) Ltd.<br>14 Donnington Road, Killarney Gardens<br>7441 Milnerton<br>Mobile: +27 215578310<br>Email: <a href=\"mailto:brendon@belsproc.co.za\">brendon@belsproc.co.za<\/a><\/p>\n<\/div><\/details><\/div>\n\n\n\n<div class=\"wp-block-coblocks-accordion-item\"><details><summary class=\"wp-block-coblocks-accordion-item__title\">Taiwan<\/summary><div class=\"wp-block-coblocks-accordion-item__content\">\n<p>Sheng Hua Da Co.<br>6F, No. 226, Meishu E. 4th Rd,<br>Gushan District<br>804 Kaohsiung City<br>Mobile: +886 7 522 9058<br>Email: <a href=\"mailto:shd-chain@umail.hinet.net\">shd-chain@umail.hinet.net<\/a><\/p>\n<\/div><\/details><\/div>\n\n\n\n<div class=\"wp-block-coblocks-accordion-item\"><details><summary class=\"wp-block-coblocks-accordion-item__title\">Tunisia<\/summary><div class=\"wp-block-coblocks-accordion-item__content\">\n<p>Sedic Societe d\u2019Etudes et de Developement<br>34Bis, Rue lbn Khaldoun<br>1001 Tunis<br>Mobile: +216 53 822 735<br>Email: <a href=\"mailto:info.sedic@gnet.tn\">info.sedic@gnet.tn<\/a><\/p>\n<\/div><\/details><\/div>\n<\/div>\n<\/div>\n<\/div>\n","protected":false},"excerpt":{"rendered":"<p>Head Office HEKO Ketten GmbHP.O. Box 1262D-58732 Wickede (Ruhr), GermanyEisenbahnstrasse 2D-58739 Wickede (Ruhr), GermanyPhone: +49 2377 91800Fax: +49 2377 1028Email: info@heko.com Sales Office South HEKO Ketten GmbHVertriebsb\u00fcro S\u00fcdSchmiedstra\u00dfe 173491 NeulerTelefon +49 7961 568491-2Telefax +49 7961 567667Email: weber@heko.comEmail: kuemmel@heko.com Sales Office China HEKO Ketten GmbHBeijing Representation OfficeRm B511,Guangyi Building,No.5 Guangyi Street,Xicheng District, 100053,Beijing, P.R. ChinaTel\/Fax: +86 [&hellip;]<\/p>\n","protected":false},"author":1,"featured_media":1399,"parent":0,"menu_order":8,"comment_status":"closed","ping_status":"closed","template":"fullwidth-subseitenanzeige.php","meta":{"_acf_changed":false,"_coblocks_attr":"","_coblocks_dimensions":"","_coblocks_responsive_height":"","_coblocks_accordion_ie_support":"","footnotes":""},"seitentyp":[],"class_list":["post-42","page","type-page","status-publish","has-post-thumbnail","hentry"],"acf":[],"yoast_head":"<!-- This site is optimized with the Yoast SEO plugin v24.0 - https:\/\/yoast.com\/wordpress\/plugins\/seo\/ -->\n<title>Sales locations - HEKO Group EN<\/title>\n<meta name=\"robots\" content=\"index, follow, max-snippet:-1, max-image-preview:large, max-video-preview:-1\" \/>\n<link rel=\"canonical\" href=\"https:\/\/www.heko.com\/en\/sales-locations\/\" \/>\n<meta property=\"og:locale\" content=\"de_DE\" \/>\n<meta property=\"og:type\" content=\"article\" \/>\n<meta property=\"og:title\" content=\"Sales locations - HEKO Group EN\" \/>\n<meta property=\"og:description\" content=\"Head Office HEKO Ketten GmbHP.O. Box 1262D-58732 Wickede (Ruhr), GermanyEisenbahnstrasse 2D-58739 Wickede (Ruhr), GermanyPhone: +49 2377 91800Fax: +49 2377 1028Email: info@heko.com Sales Office South HEKO Ketten GmbHVertriebsb\u00fcro S\u00fcdSchmiedstra\u00dfe 173491 NeulerTelefon +49 7961 568491-2Telefax +49 7961 567667Email: weber@heko.comEmail: kuemmel@heko.com Sales Office China HEKO Ketten GmbHBeijing Representation OfficeRm B511,Guangyi Building,No.5 Guangyi Street,Xicheng District, 100053,Beijing, P.R. ChinaTel\/Fax: +86 [&hellip;]\" \/>\n<meta property=\"og:url\" content=\"https:\/\/www.heko.com\/en\/sales-locations\/\" \/>\n<meta property=\"og:site_name\" content=\"HEKO Group EN\" \/>\n<meta property=\"article:modified_time\" content=\"2025-10-29T09:06:04+00:00\" \/>\n<meta property=\"og:image\" content=\"https:\/\/www.heko.com\/en\/wp-content\/uploads\/sites\/2\/pano_02_standorte_02.jpg\" \/>\n\t<meta property=\"og:image:width\" content=\"2513\" \/>\n\t<meta property=\"og:image:height\" content=\"500\" \/>\n\t<meta property=\"og:image:type\" content=\"image\/jpeg\" \/>\n<meta name=\"twitter:card\" content=\"summary_large_image\" \/>\n<meta name=\"twitter:label1\" content=\"Gesch\u00e4tzte Lesezeit\" \/>\n\t<meta name=\"twitter:data1\" content=\"4\u00a0Minuten\" \/>\n<script type=\"application\/ld+json\" class=\"yoast-schema-graph\">{\"@context\":\"https:\/\/schema.org\",\"@graph\":[{\"@type\":\"WebPage\",\"@id\":\"https:\/\/www.heko.com\/en\/sales-locations\/\",\"url\":\"https:\/\/www.heko.com\/en\/sales-locations\/\",\"name\":\"Sales locations - HEKO Group EN\",\"isPartOf\":{\"@id\":\"https:\/\/www.heko.com\/en\/#website\"},\"primaryImageOfPage\":{\"@id\":\"https:\/\/www.heko.com\/en\/sales-locations\/#primaryimage\"},\"image\":{\"@id\":\"https:\/\/www.heko.com\/en\/sales-locations\/#primaryimage\"},\"thumbnailUrl\":\"https:\/\/www.heko.com\/en\/wp-content\/uploads\/sites\/2\/pano_02_standorte_02.jpg\",\"datePublished\":\"2019-10-26T09:27:20+00:00\",\"dateModified\":\"2025-10-29T09:06:04+00:00\",\"breadcrumb\":{\"@id\":\"https:\/\/www.heko.com\/en\/sales-locations\/#breadcrumb\"},\"inLanguage\":\"de\",\"potentialAction\":[{\"@type\":\"ReadAction\",\"target\":[\"https:\/\/www.heko.com\/en\/sales-locations\/\"]}]},{\"@type\":\"ImageObject\",\"inLanguage\":\"de\",\"@id\":\"https:\/\/www.heko.com\/en\/sales-locations\/#primaryimage\",\"url\":\"https:\/\/www.heko.com\/en\/wp-content\/uploads\/sites\/2\/pano_02_standorte_02.jpg\",\"contentUrl\":\"https:\/\/www.heko.com\/en\/wp-content\/uploads\/sites\/2\/pano_02_standorte_02.jpg\",\"width\":2513,\"height\":500,\"caption\":\"HEKO Standorte\"},{\"@type\":\"BreadcrumbList\",\"@id\":\"https:\/\/www.heko.com\/en\/sales-locations\/#breadcrumb\",\"itemListElement\":[{\"@type\":\"ListItem\",\"position\":1,\"name\":\"Home\",\"item\":\"https:\/\/www.heko.com\/en\/\"},{\"@type\":\"ListItem\",\"position\":2,\"name\":\"Sales locations\"}]},{\"@type\":\"WebSite\",\"@id\":\"https:\/\/www.heko.com\/en\/#website\",\"url\":\"https:\/\/www.heko.com\/en\/\",\"name\":\"HEKO Group EN\",\"description\":\"Conveyor Solutions\",\"potentialAction\":[{\"@type\":\"SearchAction\",\"target\":{\"@type\":\"EntryPoint\",\"urlTemplate\":\"https:\/\/www.heko.com\/en\/?s={search_term_string}\"},\"query-input\":{\"@type\":\"PropertyValueSpecification\",\"valueRequired\":true,\"valueName\":\"search_term_string\"}}],\"inLanguage\":\"de\"}]}<\/script>\n<!-- \/ Yoast SEO plugin. -->","yoast_head_json":{"title":"Sales locations - HEKO Group EN","robots":{"index":"index","follow":"follow","max-snippet":"max-snippet:-1","max-image-preview":"max-image-preview:large","max-video-preview":"max-video-preview:-1"},"canonical":"https:\/\/www.heko.com\/en\/sales-locations\/","og_locale":"de_DE","og_type":"article","og_title":"Sales locations - HEKO Group EN","og_description":"Head Office HEKO Ketten GmbHP.O. Box 1262D-58732 Wickede (Ruhr), GermanyEisenbahnstrasse 2D-58739 Wickede (Ruhr), GermanyPhone: +49 2377 91800Fax: +49 2377 1028Email: info@heko.com Sales Office South HEKO Ketten GmbHVertriebsb\u00fcro S\u00fcdSchmiedstra\u00dfe 173491 NeulerTelefon +49 7961 568491-2Telefax +49 7961 567667Email: weber@heko.comEmail: kuemmel@heko.com Sales Office China HEKO Ketten GmbHBeijing Representation OfficeRm B511,Guangyi Building,No.5 Guangyi Street,Xicheng District, 100053,Beijing, P.R. ChinaTel\/Fax: +86 [&hellip;]","og_url":"https:\/\/www.heko.com\/en\/sales-locations\/","og_site_name":"HEKO Group EN","article_modified_time":"2025-10-29T09:06:04+00:00","og_image":[{"width":2513,"height":500,"url":"https:\/\/www.heko.com\/en\/wp-content\/uploads\/sites\/2\/pano_02_standorte_02.jpg","type":"image\/jpeg"}],"twitter_card":"summary_large_image","twitter_misc":{"Gesch\u00e4tzte Lesezeit":"4\u00a0Minuten"},"schema":{"@context":"https:\/\/schema.org","@graph":[{"@type":"WebPage","@id":"https:\/\/www.heko.com\/en\/sales-locations\/","url":"https:\/\/www.heko.com\/en\/sales-locations\/","name":"Sales locations - HEKO Group EN","isPartOf":{"@id":"https:\/\/www.heko.com\/en\/#website"},"primaryImageOfPage":{"@id":"https:\/\/www.heko.com\/en\/sales-locations\/#primaryimage"},"image":{"@id":"https:\/\/www.heko.com\/en\/sales-locations\/#primaryimage"},"thumbnailUrl":"https:\/\/www.heko.com\/en\/wp-content\/uploads\/sites\/2\/pano_02_standorte_02.jpg","datePublished":"2019-10-26T09:27:20+00:00","dateModified":"2025-10-29T09:06:04+00:00","breadcrumb":{"@id":"https:\/\/www.heko.com\/en\/sales-locations\/#breadcrumb"},"inLanguage":"de","potentialAction":[{"@type":"ReadAction","target":["https:\/\/www.heko.com\/en\/sales-locations\/"]}]},{"@type":"ImageObject","inLanguage":"de","@id":"https:\/\/www.heko.com\/en\/sales-locations\/#primaryimage","url":"https:\/\/www.heko.com\/en\/wp-content\/uploads\/sites\/2\/pano_02_standorte_02.jpg","contentUrl":"https:\/\/www.heko.com\/en\/wp-content\/uploads\/sites\/2\/pano_02_standorte_02.jpg","width":2513,"height":500,"caption":"HEKO Standorte"},{"@type":"BreadcrumbList","@id":"https:\/\/www.heko.com\/en\/sales-locations\/#breadcrumb","itemListElement":[{"@type":"ListItem","position":1,"name":"Home","item":"https:\/\/www.heko.com\/en\/"},{"@type":"ListItem","position":2,"name":"Sales locations"}]},{"@type":"WebSite","@id":"https:\/\/www.heko.com\/en\/#website","url":"https:\/\/www.heko.com\/en\/","name":"HEKO Group EN","description":"Conveyor Solutions","potentialAction":[{"@type":"SearchAction","target":{"@type":"EntryPoint","urlTemplate":"https:\/\/www.heko.com\/en\/?s={search_term_string}"},"query-input":{"@type":"PropertyValueSpecification","valueRequired":true,"valueName":"search_term_string"}}],"inLanguage":"de"}]}},"_links":{"self":[{"href":"https:\/\/www.heko.com\/en\/wp-json\/wp\/v2\/pages\/42","targetHints":{"allow":["GET"]}}],"collection":[{"href":"https:\/\/www.heko.com\/en\/wp-json\/wp\/v2\/pages"}],"about":[{"href":"https:\/\/www.heko.com\/en\/wp-json\/wp\/v2\/types\/page"}],"author":[{"embeddable":true,"href":"https:\/\/www.heko.com\/en\/wp-json\/wp\/v2\/users\/1"}],"replies":[{"embeddable":true,"href":"https:\/\/www.heko.com\/en\/wp-json\/wp\/v2\/comments?post=42"}],"version-history":[{"count":97,"href":"https:\/\/www.heko.com\/en\/wp-json\/wp\/v2\/pages\/42\/revisions"}],"predecessor-version":[{"id":3003,"href":"https:\/\/www.heko.com\/en\/wp-json\/wp\/v2\/pages\/42\/revisions\/3003"}],"wp:featuredmedia":[{"embeddable":true,"href":"https:\/\/www.heko.com\/en\/wp-json\/wp\/v2\/media\/1399"}],"wp:attachment":[{"href":"https:\/\/www.heko.com\/en\/wp-json\/wp\/v2\/media?parent=42"}],"wp:term":[{"taxonomy":"seitentyp","embeddable":true,"href":"https:\/\/www.heko.com\/en\/wp-json\/wp\/v2\/seitentyp?post=42"}],"curies":[{"name":"wp","href":"https:\/\/api.w.org\/{rel}","templated":true}]}}