{"id":46,"date":"2019-10-26T11:51:56","date_gmt":"2019-10-26T09:51:56","guid":{"rendered":"https:\/\/2019.heko.com\/en\/?page_id=46"},"modified":"2019-11-19T14:52:05","modified_gmt":"2019-11-19T13:52:05","slug":"home-en","status":"publish","type":"page","link":"https:\/\/www.heko.com\/en\/home-en\/","title":{"rendered":"Home EN"},"content":{"rendered":"\n<div class=\"wp-block-coblocks-row coblocks-row-9221661468\" data-columns=\"1\" data-layout=\"100\"><div class=\"wp-block-coblocks-row__inner has-medium-gutter has-no-padding has-no-margin is-stacked-on-mobile\">\n<div class=\"wp-block-coblocks-column coblocks-column-9221663523\" style=\"width:100%\"><div class=\"wp-block-coblocks-column__inner has-no-padding has-no-margin\"><\/div><\/div>\n<\/div><\/div>\n\n\n\n<div class=\"wp-block-coblocks-row coblocks-row-9221674513\" data-columns=\"2\" data-layout=\"75-25\"><div class=\"wp-block-coblocks-row__inner has-medium-gutter has-no-padding has-margin is-stacked-on-mobile\">\n<div class=\"wp-block-coblocks-column coblocks-column-9221671136\" style=\"width:75%\"><div class=\"wp-block-coblocks-column__inner has-no-padding has-no-margin\">\n<h1 class=\"wp-block-heading\">We move industries<\/h1>\n\n\n\n<p>Seit mehr als einem Jahrhundert sind wir zuverl\u00e4ssiger Partner und bew\u00e4hrter Lieferant der Sch\u00fcttg\u00fcterindustrie. Der Name HEKO steht f\u00fcr Werte, die von Kunden aller Branchen gesch\u00e4tzt werden: Kompetenz, Glaubw\u00fcrdigkeit, absolute Zuverl\u00e4ssigkeit und eine garantiert erstklassige Qualit\u00e4t \u201eMade in Germany\u201c.<\/p>\n<\/div><\/div>\n\n\n\n<div class=\"wp-block-coblocks-column coblocks-column-9221671149 text-center\" style=\"width:25%\"><div class=\"wp-block-coblocks-column__inner has-margin has-no-padding\">\n<figure class=\"wp-block-image\"><img loading=\"lazy\" decoding=\"async\" width=\"214\" height=\"104\" src=\"https:\/\/www.heko.com\/en\/wp-content\/uploads\/sites\/2\/crop-0-0-214-104-0-made-in-germany.png\" alt=\"\" class=\"wp-image-24\" srcset=\"https:\/\/www.heko.com\/en\/wp-content\/uploads\/sites\/2\/crop-0-0-214-104-0-made-in-germany.png 214w, https:\/\/www.heko.com\/en\/wp-content\/uploads\/sites\/2\/crop-0-0-214-104-0-made-in-germany-150x73.png 150w\" sizes=\"auto, (max-width: 214px) 100vw, 214px\" \/><\/figure>\n<\/div><\/div>\n<\/div><\/div>\n\n\n\n<p><\/p>\n","protected":false},"excerpt":{"rendered":"","protected":false},"author":1,"featured_media":11,"parent":0,"menu_order":1,"comment_status":"closed","ping_status":"closed","template":"fullwidth.php","meta":{"_acf_changed":false,"_coblocks_attr":"","_coblocks_dimensions":"","_coblocks_responsive_height":"","_coblocks_accordion_ie_support":"","footnotes":""},"seitentyp":[],"class_list":["post-46","page","type-page","status-publish","has-post-thumbnail","hentry"],"acf":[],"yoast_head":"<!-- This site is optimized with the Yoast SEO plugin v24.0 - https:\/\/yoast.com\/wordpress\/plugins\/seo\/ -->\n<title>Home EN - HEKO Group EN<\/title>\n<meta name=\"robots\" content=\"index, follow, max-snippet:-1, max-image-preview:large, max-video-preview:-1\" \/>\n<link rel=\"canonical\" href=\"https:\/\/www.heko.com\/en\/home-en\/\" \/>\n<meta property=\"og:locale\" content=\"de_DE\" \/>\n<meta property=\"og:type\" content=\"article\" \/>\n<meta property=\"og:title\" content=\"Home EN - HEKO Group EN\" \/>\n<meta property=\"og:url\" content=\"https:\/\/www.heko.com\/en\/home-en\/\" \/>\n<meta property=\"og:site_name\" content=\"HEKO Group EN\" \/>\n<meta property=\"article:modified_time\" content=\"2019-11-19T13:52:05+00:00\" \/>\n<meta property=\"og:image\" content=\"https:\/\/www.heko.com\/en\/wp-content\/uploads\/sites\/2\/AdobeStock_43499145@2x-1024x373.png\" \/>\n\t<meta property=\"og:image:width\" content=\"1024\" \/>\n\t<meta property=\"og:image:height\" content=\"373\" \/>\n\t<meta property=\"og:image:type\" content=\"image\/png\" \/>\n<meta name=\"twitter:card\" content=\"summary_large_image\" \/>\n<script type=\"application\/ld+json\" class=\"yoast-schema-graph\">{\"@context\":\"https:\/\/schema.org\",\"@graph\":[{\"@type\":\"WebPage\",\"@id\":\"https:\/\/www.heko.com\/en\/home-en\/\",\"url\":\"https:\/\/www.heko.com\/en\/home-en\/\",\"name\":\"Home EN - HEKO Group EN\",\"isPartOf\":{\"@id\":\"https:\/\/www.heko.com\/en\/#website\"},\"primaryImageOfPage\":{\"@id\":\"https:\/\/www.heko.com\/en\/home-en\/#primaryimage\"},\"image\":{\"@id\":\"https:\/\/www.heko.com\/en\/home-en\/#primaryimage\"},\"thumbnailUrl\":\"https:\/\/www.heko.com\/en\/wp-content\/uploads\/sites\/2\/AdobeStock_43499145@2x.png\",\"datePublished\":\"2019-10-26T09:51:56+00:00\",\"dateModified\":\"2019-11-19T13:52:05+00:00\",\"breadcrumb\":{\"@id\":\"https:\/\/www.heko.com\/en\/home-en\/#breadcrumb\"},\"inLanguage\":\"de\",\"potentialAction\":[{\"@type\":\"ReadAction\",\"target\":[\"https:\/\/www.heko.com\/en\/home-en\/\"]}]},{\"@type\":\"ImageObject\",\"inLanguage\":\"de\",\"@id\":\"https:\/\/www.heko.com\/en\/home-en\/#primaryimage\",\"url\":\"https:\/\/www.heko.com\/en\/wp-content\/uploads\/sites\/2\/AdobeStock_43499145@2x.png\",\"contentUrl\":\"https:\/\/www.heko.com\/en\/wp-content\/uploads\/sites\/2\/AdobeStock_43499145@2x.png\",\"width\":3840,\"height\":1400},{\"@type\":\"BreadcrumbList\",\"@id\":\"https:\/\/www.heko.com\/en\/home-en\/#breadcrumb\",\"itemListElement\":[{\"@type\":\"ListItem\",\"position\":1,\"name\":\"Home\",\"item\":\"https:\/\/www.heko.com\/en\/\"},{\"@type\":\"ListItem\",\"position\":2,\"name\":\"Home EN\"}]},{\"@type\":\"WebSite\",\"@id\":\"https:\/\/www.heko.com\/en\/#website\",\"url\":\"https:\/\/www.heko.com\/en\/\",\"name\":\"HEKO Group EN\",\"description\":\"Conveyor Solutions\",\"potentialAction\":[{\"@type\":\"SearchAction\",\"target\":{\"@type\":\"EntryPoint\",\"urlTemplate\":\"https:\/\/www.heko.com\/en\/?s={search_term_string}\"},\"query-input\":{\"@type\":\"PropertyValueSpecification\",\"valueRequired\":true,\"valueName\":\"search_term_string\"}}],\"inLanguage\":\"de\"}]}<\/script>\n<!-- \/ Yoast SEO plugin. -->","yoast_head_json":{"title":"Home EN - HEKO Group EN","robots":{"index":"index","follow":"follow","max-snippet":"max-snippet:-1","max-image-preview":"max-image-preview:large","max-video-preview":"max-video-preview:-1"},"canonical":"https:\/\/www.heko.com\/en\/home-en\/","og_locale":"de_DE","og_type":"article","og_title":"Home EN - HEKO Group EN","og_url":"https:\/\/www.heko.com\/en\/home-en\/","og_site_name":"HEKO Group EN","article_modified_time":"2019-11-19T13:52:05+00:00","og_image":[{"width":1024,"height":373,"url":"https:\/\/www.heko.com\/en\/wp-content\/uploads\/sites\/2\/AdobeStock_43499145@2x-1024x373.png","type":"image\/png"}],"twitter_card":"summary_large_image","schema":{"@context":"https:\/\/schema.org","@graph":[{"@type":"WebPage","@id":"https:\/\/www.heko.com\/en\/home-en\/","url":"https:\/\/www.heko.com\/en\/home-en\/","name":"Home EN - HEKO Group EN","isPartOf":{"@id":"https:\/\/www.heko.com\/en\/#website"},"primaryImageOfPage":{"@id":"https:\/\/www.heko.com\/en\/home-en\/#primaryimage"},"image":{"@id":"https:\/\/www.heko.com\/en\/home-en\/#primaryimage"},"thumbnailUrl":"https:\/\/www.heko.com\/en\/wp-content\/uploads\/sites\/2\/AdobeStock_43499145@2x.png","datePublished":"2019-10-26T09:51:56+00:00","dateModified":"2019-11-19T13:52:05+00:00","breadcrumb":{"@id":"https:\/\/www.heko.com\/en\/home-en\/#breadcrumb"},"inLanguage":"de","potentialAction":[{"@type":"ReadAction","target":["https:\/\/www.heko.com\/en\/home-en\/"]}]},{"@type":"ImageObject","inLanguage":"de","@id":"https:\/\/www.heko.com\/en\/home-en\/#primaryimage","url":"https:\/\/www.heko.com\/en\/wp-content\/uploads\/sites\/2\/AdobeStock_43499145@2x.png","contentUrl":"https:\/\/www.heko.com\/en\/wp-content\/uploads\/sites\/2\/AdobeStock_43499145@2x.png","width":3840,"height":1400},{"@type":"BreadcrumbList","@id":"https:\/\/www.heko.com\/en\/home-en\/#breadcrumb","itemListElement":[{"@type":"ListItem","position":1,"name":"Home","item":"https:\/\/www.heko.com\/en\/"},{"@type":"ListItem","position":2,"name":"Home EN"}]},{"@type":"WebSite","@id":"https:\/\/www.heko.com\/en\/#website","url":"https:\/\/www.heko.com\/en\/","name":"HEKO Group EN","description":"Conveyor Solutions","potentialAction":[{"@type":"SearchAction","target":{"@type":"EntryPoint","urlTemplate":"https:\/\/www.heko.com\/en\/?s={search_term_string}"},"query-input":{"@type":"PropertyValueSpecification","valueRequired":true,"valueName":"search_term_string"}}],"inLanguage":"de"}]}},"_links":{"self":[{"href":"https:\/\/www.heko.com\/en\/wp-json\/wp\/v2\/pages\/46","targetHints":{"allow":["GET"]}}],"collection":[{"href":"https:\/\/www.heko.com\/en\/wp-json\/wp\/v2\/pages"}],"about":[{"href":"https:\/\/www.heko.com\/en\/wp-json\/wp\/v2\/types\/page"}],"author":[{"embeddable":true,"href":"https:\/\/www.heko.com\/en\/wp-json\/wp\/v2\/users\/1"}],"replies":[{"embeddable":true,"href":"https:\/\/www.heko.com\/en\/wp-json\/wp\/v2\/comments?post=46"}],"version-history":[{"count":1,"href":"https:\/\/www.heko.com\/en\/wp-json\/wp\/v2\/pages\/46\/revisions"}],"predecessor-version":[{"id":47,"href":"https:\/\/www.heko.com\/en\/wp-json\/wp\/v2\/pages\/46\/revisions\/47"}],"wp:featuredmedia":[{"embeddable":true,"href":"https:\/\/www.heko.com\/en\/wp-json\/wp\/v2\/media\/11"}],"wp:attachment":[{"href":"https:\/\/www.heko.com\/en\/wp-json\/wp\/v2\/media?parent=46"}],"wp:term":[{"taxonomy":"seitentyp","embeddable":true,"href":"https:\/\/www.heko.com\/en\/wp-json\/wp\/v2\/seitentyp?post=46"}],"curies":[{"name":"wp","href":"https:\/\/api.w.org\/{rel}","templated":true}]}}